{"id":4343,"date":"2025-07-24T18:34:18","date_gmt":"2025-07-24T23:34:18","guid":{"rendered":"https:\/\/website-jbg-dev-gzfcfebwh2f5dpcp.eastus2-01.azurewebsites.net\/education-area\/"},"modified":"2026-01-07T08:20:54","modified_gmt":"2026-01-07T13:20:54","slug":"education-area","status":"publish","type":"page","link":"https:\/\/websitewpj-staging-267e1c3ee8-g0hqfvayapfrh2bn.a03.azurefd.net\/en\/education-area\/","title":{"rendered":"Education Area"},"content":{"rendered":"\t\t<div data-elementor-type=\"wp-page\" data-elementor-id=\"4343\" class=\"elementor elementor-4343 elementor-96\" data-elementor-post-type=\"page\">\n\t\t\t\t<div class=\"elementor-element elementor-element-21b4d1b0 e-flex e-con-boxed e-con e-parent\" data-id=\"21b4d1b0\" data-element_type=\"container\" data-e-type=\"container\">\n\t\t\t\t\t<div class=\"e-con-inner\">\n\t\t\t\t<div class=\"elementor-element elementor-element-b37e166 elementor-widget elementor-widget-heading\" data-id=\"b37e166\" data-element_type=\"widget\" data-e-type=\"widget\" data-widget_type=\"heading.default\">\n\t\t\t\t\t<h3 class=\"elementor-heading-title elementor-size-default\">Education Area<\/h3>\t\t\t\t<\/div>\n\t\t<div class=\"elementor-element elementor-element-e2a9a92 e-con-full e-flex e-con e-child\" data-id=\"e2a9a92\" data-element_type=\"container\" data-e-type=\"container\">\n\t\t<div class=\"elementor-element elementor-element-4874723 e-con-full e-flex e-con e-child\" data-id=\"4874723\" data-element_type=\"container\" data-e-type=\"container\">\n\t\t\t\t<div class=\"elementor-element elementor-element-4e622bc elementor-widget elementor-widget-image\" data-id=\"4e622bc\" data-element_type=\"widget\" data-e-type=\"widget\" data-widget_type=\"image.default\">\n\t\t\t\t\t\t\t\t\t\t\t\t<figure class=\"wp-caption\">\n\t\t\t\t\t\t\t\t\t\t<img fetchpriority=\"high\" decoding=\"async\" width=\"800\" height=\"450\" src=\"\/wp-content\/uploads\/2025\/07\/educacion.png\" class=\"attachment-2048x2048 size-2048x2048 wp-image-4342\" alt=\"\" srcset=\"\/wp-content\/uploads\/2025\/07\/educacion.png 800w, \/wp-content\/uploads\/2025\/07\/educacion-300x169.png 300w, \/wp-content\/uploads\/2025\/07\/educacion-768x432.png 768w\" sizes=\"(max-width: 800px) 100vw, 800px\" \/>\t\t\t\t\t\t\t\t\t\t\t<figcaption class=\"widget-image-caption wp-caption-text\">Since 2000 to date, more than 10,000 children have benefited from our services in all our educational institutions.<\/figcaption>\n\t\t\t\t\t\t\t\t\t\t<\/figure>\n\t\t\t\t\t\t\t\t\t<\/div>\n\t\t\t\t<\/div>\n\t\t\t\t<\/div>\n\t\t\t\t<div class=\"elementor-element elementor-element-9b6e673 elementor-widget elementor-widget-text-editor\" data-id=\"9b6e673\" data-element_type=\"widget\" data-e-type=\"widget\" data-widget_type=\"text-editor.default\">\n\t\t\t\t\t\t\t\t\t<p>The Board of Charity continues to expand its commitment to education in the country; and has incorporated five new educational institutions into the JBG School Network, strengthening our mission to train free, responsible and supportive young people with high learning achievements, human and professional training.<\/p>\n<p>Its educational network is made up of the educational units: Jos\u00e9 Domingo de Santistevan, Santa Luisa de Marillac, Mercedes Calder\u00f3n, Freire Stabile in the Playas canton, Narcisa de Jes\u00fas in the Nobol canton and the private schools Nuestra Se\u00f1ora de la Sabidur\u00eda and Promesas Lucianas in the Lomas de Sargentillo and Santa Luc\u00eda cantons respectively.<\/p>\n<p>Through our JBG Education Sector, we contribute to the education and integral formation of thousands of children and young people. We have the Dual Baccalaureate, where they learn between the classrooms and the training company, which allows graduates of the dual baccalaureate to have greater job opportunities.<\/p>\n<p>We train young entrepreneurs and visionaries, under an educational model of 3 pillars: High academic training, Human training and tutorial accompaniment and Quality technical education.<\/p>\n<p>Education at the JBG is distinguished by its Educational Seals that include:<\/p>\n<p>\u2022 Extended school days (7h45 to 15h45), without homework, better time management and meaningful learning.<br>\u2022 Teachers in continuous training<br> Updated professionals, committed to excellent teaching.<br>\u2022 Cutting-edge pedagogical infrastructure<br> Modern environments, laboratories and access to digital platforms.<br>\u2022 Culture of constant evaluation<br> Measurement and permanent improvement of educational results.<\/p>\n<p>Projected impact:<\/p>\n<p>\u2022 More than 5,000 students benefited in this academic year, doubling the previous coverage.<br>\u2022 Presence in five cantons with high educational needs.<br>\u2022 Continuous offer of scholarships and school support, guaranteeing access regardless of economic situation.<\/p>\n<p>With each school that opens its doors, the Board of Charity reaffirms its commitment to a more just Ecuador, where education is not a luxury but a fulfilled right.<\/p>\t\t\t\t\t\t\t\t<\/div>\n\t\t\t\t\t<\/div>\n\t\t\t\t<\/div>\n\t\t<div class=\"elementor-element elementor-element-f63e093 e-flex e-con-boxed e-con e-parent\" data-id=\"f63e093\" data-element_type=\"container\" data-e-type=\"container\">\n\t\t\t\t\t<div class=\"e-con-inner\">\n\t\t\t\t<div class=\"elementor-element elementor-element-9144e87 elementor-widget elementor-widget-text-editor\" data-id=\"9144e87\" data-element_type=\"widget\" data-e-type=\"widget\" data-widget_type=\"text-editor.default\">\n\t\t\t\t\t\t\t\t\t<h4><img decoding=\"async\" class=\"alignleft size-full wp-image-98\" src=\"\/wp-content\/uploads\/2025\/07\/programa_becas.jpg\" alt=\"\" width=\"255\" height=\"152\">Study Scholarships for Poor Children and Young People<\/h4><p>Education is another of the areas where we focus our charitable work. Thus we have the case of Carlitos who sold candy on the street due to an accident that left his father with a disability. The Board of Charity granted Carlitos a full scholarship to study at the Jos\u00e9 Domingo de Santistevan Educational Unit, now he is being educated, receives uniforms, his supplies, school express and an education based on values such as solidarity and love for others. You can also help make more stories like Carlitos&#8217;s come true <span style=\"color: #0000ff;\"><a style=\"color: #0000ff;\" href=\"https:\/\/donaciones.juntadebeneficencia.org.ec\/Inicio\">DONATE NOW<\/a>.<\/span><\/p>\t\t\t\t\t\t\t\t<\/div>\n\t\t\t\t\t<\/div>\n\t\t\t\t<\/div>\n\t\t\t\t<\/div>\n\t\t","protected":false},"excerpt":{"rendered":"<p>Education Area Since 2000 to date, more than 10,000 children have benefited from our services in all our educational institutions. The Board of Charity continues to expand its commitment to education in the country; and has incorporated five new educational institutions into the JBG School Network, strengthening our mission to train free, responsible and supportive [&hellip;]<\/p>\n","protected":false},"author":1,"featured_media":0,"parent":0,"menu_order":0,"comment_status":"closed","ping_status":"closed","template":"elementor_header_footer","meta":{"footnotes":""},"class_list":["post-4343","page","type-page","status-publish","hentry"],"_links":{"self":[{"href":"https:\/\/websitewpj-staging-267e1c3ee8-g0hqfvayapfrh2bn.a03.azurefd.net\/en\/wp-json\/wp\/v2\/pages\/4343","targetHints":{"allow":["GET"]}}],"collection":[{"href":"https:\/\/websitewpj-staging-267e1c3ee8-g0hqfvayapfrh2bn.a03.azurefd.net\/en\/wp-json\/wp\/v2\/pages"}],"about":[{"href":"https:\/\/websitewpj-staging-267e1c3ee8-g0hqfvayapfrh2bn.a03.azurefd.net\/en\/wp-json\/wp\/v2\/types\/page"}],"author":[{"embeddable":true,"href":"https:\/\/websitewpj-staging-267e1c3ee8-g0hqfvayapfrh2bn.a03.azurefd.net\/en\/wp-json\/wp\/v2\/users\/1"}],"replies":[{"embeddable":true,"href":"https:\/\/websitewpj-staging-267e1c3ee8-g0hqfvayapfrh2bn.a03.azurefd.net\/en\/wp-json\/wp\/v2\/comments?post=4343"}],"version-history":[{"count":2,"href":"https:\/\/websitewpj-staging-267e1c3ee8-g0hqfvayapfrh2bn.a03.azurefd.net\/en\/wp-json\/wp\/v2\/pages\/4343\/revisions"}],"predecessor-version":[{"id":7972,"href":"https:\/\/websitewpj-staging-267e1c3ee8-g0hqfvayapfrh2bn.a03.azurefd.net\/en\/wp-json\/wp\/v2\/pages\/4343\/revisions\/7972"}],"wp:attachment":[{"href":"https:\/\/websitewpj-staging-267e1c3ee8-g0hqfvayapfrh2bn.a03.azurefd.net\/en\/wp-json\/wp\/v2\/media?parent=4343"}],"curies":[{"name":"wp","href":"https:\/\/api.w.org\/{rel}","templated":true}]}}