{"id":4406,"date":"2025-07-24T18:39:23","date_gmt":"2025-07-24T23:39:23","guid":{"rendered":"https:\/\/website-jbg-dev-gzfcfebwh2f5dpcp.eastus2-01.azurewebsites.net\/homes\/"},"modified":"2026-01-07T08:20:56","modified_gmt":"2026-01-07T13:20:56","slug":"homes","status":"publish","type":"page","link":"https:\/\/websitewpj-staging-267e1c3ee8-g0hqfvayapfrh2bn.a03.azurefd.net\/en\/homes\/","title":{"rendered":"Homes"},"content":{"rendered":"\t\t<div data-elementor-type=\"wp-page\" data-elementor-id=\"4406\" class=\"elementor elementor-4406 elementor-101\" data-elementor-post-type=\"page\">\n\t\t\t\t<div class=\"elementor-element elementor-element-9a960bc e-flex e-con-boxed e-con e-parent\" data-id=\"9a960bc\" data-element_type=\"container\" data-e-type=\"container\">\n\t\t\t\t\t<div class=\"e-con-inner\">\n\t\t\t\t<div class=\"elementor-element elementor-element-7b55efc elementor-widget elementor-widget-heading\" data-id=\"7b55efc\" data-element_type=\"widget\" data-e-type=\"widget\" data-widget_type=\"heading.default\">\n\t\t\t\t\t<h3 class=\"elementor-heading-title elementor-size-default\">Homes<\/h3>\t\t\t\t<\/div>\n\t\t<div class=\"elementor-element elementor-element-91f375b e-con-full e-flex e-con e-child\" data-id=\"91f375b\" data-element_type=\"container\" data-e-type=\"container\">\n\t\t<div class=\"elementor-element elementor-element-d73b267 e-con-full e-flex e-con e-child\" data-id=\"d73b267\" data-element_type=\"container\" data-e-type=\"container\">\n\t\t\t\t<div class=\"elementor-element elementor-element-b2c54cb elementor-widget elementor-widget-image\" data-id=\"b2c54cb\" data-element_type=\"widget\" data-e-type=\"widget\" data-widget_type=\"image.default\">\n\t\t\t\t\t\t\t\t\t\t\t\t<figure class=\"wp-caption\">\n\t\t\t\t\t\t\t\t\t\t<img fetchpriority=\"high\" decoding=\"async\" width=\"800\" height=\"449\" src=\"\/wp-content\/uploads\/2025\/07\/hcj_hogares_dependencias.jpg\" class=\"attachment-2048x2048 size-2048x2048 wp-image-4405\" alt=\"\" srcset=\"\/wp-content\/uploads\/2025\/07\/hcj_hogares_dependencias.jpg 800w, \/wp-content\/uploads\/2025\/07\/hcj_hogares_dependencias-300x168.jpg 300w, \/wp-content\/uploads\/2025\/07\/hcj_hogares_dependencias-768x431.jpg 768w\" sizes=\"(max-width: 800px) 100vw, 800px\" \/>\t\t\t\t\t\t\t\t\t\t\t<figcaption class=\"widget-image-caption wp-caption-text\">In our homes, we provide comprehensive care to our users.<\/figcaption>\n\t\t\t\t\t\t\t\t\t\t<\/figure>\n\t\t\t\t\t\t\t\t\t<\/div>\n\t\t\t\t<\/div>\n\t\t\t\t<\/div>\n\t\t\t\t<div class=\"elementor-element elementor-element-b3071db elementor-widget elementor-widget-text-editor\" data-id=\"b3071db\" data-element_type=\"widget\" data-e-type=\"widget\" data-widget_type=\"text-editor.default\">\n\t\t\t\t\t\t\t\t\t<p><b>More than just a place to live<\/b><\/p>\n<p>The Board of Charity provides comprehensive care to people in vulnerable situations through various specialized centers.<\/p>\n<p>In the <b>Hogares Coraz\u00f3n de Jes\u00fas<\/b> (Guayaquil) and <b>San Pedro<\/b> (Alaus\u00ed), comprehensive and personalized care is offered to <b>elderly adults<\/b>, ensuring their physical and emotional well-being. The <b>Hogar Manuel Galecio<\/b>, located in Alaus\u00ed, province of Chimborazo, welcomes nearly 100 girls from low-income backgrounds, guaranteeing their education, health, and nutrition in a safe environment. <\/p>\n<p>In addition, the institution has a <b>Home for people with psychosocial disabilities<\/b>, focused on their recovery and autonomy. 60% of the users of this home are fully protected by the Institution. <\/p>\n<p>Another dependency in the Homes sector is the Board of Charity&#8217;s <b>Shelter<\/b>, which provides temporary accommodation to some 40,000 families a year who accompany patients hospitalized in the Board&#8217;s hospital network, providing them with a safe space and essential services.<\/p>\t\t\t\t\t\t\t\t<\/div>\n\t\t\t\t\t<\/div>\n\t\t\t\t<\/div>\n\t\t\t\t<\/div>\n\t\t","protected":false},"excerpt":{"rendered":"<p>Homes In our homes, we provide comprehensive care to our users. More than just a place to live The Board of Charity provides comprehensive care to people in vulnerable situations through various specialized centers. In the Hogares Coraz\u00f3n de Jes\u00fas (Guayaquil) and San Pedro (Alaus\u00ed), comprehensive and personalized care is offered to elderly adults, ensuring [&hellip;]<\/p>\n","protected":false},"author":1,"featured_media":0,"parent":0,"menu_order":0,"comment_status":"closed","ping_status":"closed","template":"elementor_header_footer","meta":{"footnotes":""},"class_list":["post-4406","page","type-page","status-publish","hentry"],"_links":{"self":[{"href":"https:\/\/websitewpj-staging-267e1c3ee8-g0hqfvayapfrh2bn.a03.azurefd.net\/en\/wp-json\/wp\/v2\/pages\/4406","targetHints":{"allow":["GET"]}}],"collection":[{"href":"https:\/\/websitewpj-staging-267e1c3ee8-g0hqfvayapfrh2bn.a03.azurefd.net\/en\/wp-json\/wp\/v2\/pages"}],"about":[{"href":"https:\/\/websitewpj-staging-267e1c3ee8-g0hqfvayapfrh2bn.a03.azurefd.net\/en\/wp-json\/wp\/v2\/types\/page"}],"author":[{"embeddable":true,"href":"https:\/\/websitewpj-staging-267e1c3ee8-g0hqfvayapfrh2bn.a03.azurefd.net\/en\/wp-json\/wp\/v2\/users\/1"}],"replies":[{"embeddable":true,"href":"https:\/\/websitewpj-staging-267e1c3ee8-g0hqfvayapfrh2bn.a03.azurefd.net\/en\/wp-json\/wp\/v2\/comments?post=4406"}],"version-history":[{"count":1,"href":"https:\/\/websitewpj-staging-267e1c3ee8-g0hqfvayapfrh2bn.a03.azurefd.net\/en\/wp-json\/wp\/v2\/pages\/4406\/revisions"}],"predecessor-version":[{"id":4407,"href":"https:\/\/websitewpj-staging-267e1c3ee8-g0hqfvayapfrh2bn.a03.azurefd.net\/en\/wp-json\/wp\/v2\/pages\/4406\/revisions\/4407"}],"wp:attachment":[{"href":"https:\/\/websitewpj-staging-267e1c3ee8-g0hqfvayapfrh2bn.a03.azurefd.net\/en\/wp-json\/wp\/v2\/media?parent=4406"}],"curies":[{"name":"wp","href":"https:\/\/api.w.org\/{rel}","templated":true}]}}